{"id":8377,"date":"2019-09-04T16:54:00","date_gmt":"2019-09-04T13:54:00","guid":{"rendered":"http:\/\/www.elenoh.ro\/?page_id=8377"},"modified":"2026-04-26T20:40:55","modified_gmt":"2026-04-26T17:40:55","slug":"curs-first-time-manager","status":"publish","type":"page","link":"https:\/\/www.elenoh.ro\/index.php\/curs-first-time-manager\/","title":{"rendered":"Curs First Time Manager &#8211; Online"},"content":{"rendered":"<p style=\"text-align: center;\"><a href=\"https:\/\/www.elenoh.ro\/index.php\/curs-first-time-manager\/\"><strong><img decoding=\"async\" class=\"wp-image-8029 alignleft lazyload\" data-src=\"http:\/\/www.elenoh.ro\/wp-content\/uploads\/2015\/11\/Dezvoltare-personala-prezentare.jpg\" alt=\"\" width=\"222\" height=\"102\" data-srcset=\"https:\/\/www.elenoh.ro\/wp-content\/uploads\/2015\/11\/Dezvoltare-personala-prezentare.jpg 265w, https:\/\/www.elenoh.ro\/wp-content\/uploads\/2015\/11\/Dezvoltare-personala-prezentare-200x92.jpg 200w, https:\/\/www.elenoh.ro\/wp-content\/uploads\/2015\/11\/Dezvoltare-personala-prezentare-150x69.jpg 150w\" data-sizes=\"(max-width: 222px) 100vw, 222px\" src=\"data:image\/svg+xml;base64,PHN2ZyB3aWR0aD0iMSIgaGVpZ2h0PSIxIiB4bWxucz0iaHR0cDovL3d3dy53My5vcmcvMjAwMC9zdmciPjwvc3ZnPg==\" style=\"--smush-placeholder-width: 222px; --smush-placeholder-aspect-ratio: 222\/102;\" \/><\/strong><\/a><a href=\"https:\/\/www.elenoh.ro\/index.php\/curs-first-time-manager\/\"><strong><span style=\"color: #000000;\">Curs FIRST TIME MANAGER<\/span><\/strong><\/a><\/p>\n<p style=\"text-align: center;\"><a href=\"https:\/\/www.elenoh.ro\/index.php\/curs-first-time-manager\/\"><strong><span style=\"color: #000000;\">ONLINE-LIVE<\/span><\/strong><\/a><\/p>\n<p style=\"text-align: center;\"><strong>23 &#8211; 24 MAI 2026<\/strong><\/p>\n<p style=\"text-align: center;\"><strong>\u00a0<\/strong><\/p>\n<hr \/>\n<p><strong>O multime de <span style=\"color: #ff6600;\">BENEFICII<\/span> te astepta in<span style=\"color: #ff6600;\"> 2026<\/span>, <span style=\"color: #ff6600;\">REDUCERI<\/span> care te vor ajuta sa te dezvolti in zona ta de interes si&#8230;.poti repeta cursurile <span style=\"color: #ff6600;\">GRATUIT<\/span> de cate ori dore\u0219ti astfel \u00eencat s\u0103 ajungi un specialist \u00een domeniile studiate.<\/strong><\/p>\n<hr \/>\n<p><strong>1. <\/strong><strong>De ce s\u0103 urmezi cursu<span style=\"color: #000000;\">l <a style=\"color: #000000;\" href=\"https:\/\/www.elenoh.ro\/index.php\/curs-first-time-manager\/\">\u201dFirst time manager\u201d<\/a><\/span>?<\/strong><\/p>\n<ul>\n<li>Ai fost promovat \u00eentr-un rol managerial, dar nu sim\u021bi c\u0103 \u00ee\u021bi po\u021bi controla suficient de bine echipa \u0219i vrei s\u0103 te sim\u021bi puternic \u0219i sigur pe tine<\/li>\n<li>E\u0219ti antreprenor la \u00eenceput de drum \u0219i vrei s\u0103 \u0219tii cum po\u021bi s\u0103-\u021bi conduci cel mai bine echipa pentru a te pozi\u021biona \u0219i a fi recunoscut at\u00e2t ca \u0219ef, c\u00e2t \u0219i ca ghid \u0219i leader pentru ei<\/li>\n<li>Ai visat tot timpul s\u0103 devii manager \u0219i \u0219tii c\u0103 ai aceste abilit\u0103\u021bi \u00een s\u00e2nge, dar sim\u021bi c\u0103 talentul t\u0103u nu este v\u0103zut de cine trebuie<\/li>\n<\/ul>\n<hr \/>\n<p><strong>\u00a02. <\/strong><strong>Beneficii dup\u0103 absolvirea cursului: <\/strong><\/p>\n<ul>\n<li>Posibilitatea practic\u0103rii cu succes a rolului de manager \u00een firma pentru care lucrezi sau \u00een cadrul propriei afaceri<\/li>\n<li>Identificarea stilului managerial care \u021bi se potrive\u0219te<\/li>\n<li>\u00cen\u021belegerea \u0219i posibilitatea de aplicare imediat\u0103 a c\u00e2torva trucuri de Organizare \u0219i Time Management folosite de c\u0103tre manageri de succes.<\/li>\n<li>\u00cembun\u0103t\u0103\u021birea rela\u021biei cu \u0219eful direct prin prisma observ\u0103rii \u0219i \u00een\u021belegerii situa\u021biilor cu care acesta se confrunt\u0103 \u00een cadrul echipei pe care o coordoneaz\u0103<\/li>\n<li>Dezvoltarea personal\u0103 \u0219i profesional\u0103 ca angajat prin \u00een\u021belegerea dinamicii de lucru din perspectiva unui rol nou.<\/li>\n<li>Schimbarea de perspectiv\u0103 asupra roului de manager.<\/li>\n<\/ul>\n<hr \/>\n<p><strong>3. Aceast\u0103 ocupa\u021bie are o valoare social\u0103 important\u0103 ce poate fi cuantificat\u0103 \u00een direc\u021bii precum: <\/strong><\/p>\n<ul>\n<li>Dezvoltarea personal\u0103 \u0219i profesional\u0103 a fiec\u0103rui participant la curs.<\/li>\n<li>\u00cencurajarea promov\u0103rii ambelor sexe cu egalit\u0103\u021bi de \u0219ans\u0103 \u00een rol managerial.<\/li>\n<li>Pozi\u021bionarea omului ca nucleu \u00een jurul \u0219i cu ajutorul c\u0103ruia se dezvolt\u0103 o afacere.<\/li>\n<li>Reinventarea propriei vie\u021bi \u0219i cre\u0219terea con\u0219tient\u0103 \u00een direc\u021bia atingerii obiectivelor de carier\u0103.<\/li>\n<\/ul>\n<hr \/>\n<p><strong>4. Ce \u00eenve\u021bi \u00een cadrul cursului \u201dFirst time manager\u201d:<\/strong><\/p>\n<ul>\n<li>Vei dob\u00e2ndi informa\u021bii \u0219i instrumente utile pentru a practica cu succes rolul de manager.<\/li>\n<li>Vei \u00een\u021belege profund responsabilitatea managerial\u0103 at\u00e2t ca liant \u00eentre echip\u0103 \u0219i conducerea companiei \/ firmei, sau \u00eentre diferite departamente, c\u00e2t \u0219i ca interfa\u021b\u0103 \u00een fa\u021ba clien\u021bilor \u0219i furnizorilor de servicii.<\/li>\n<li>Vei dob\u00e2ndi informa\u021bii utile pentru construirea \u0219i optimizarea echipei de lucru.<\/li>\n<li>Vei \u00eenv\u0103\u021ba cum s\u0103 identifici puncta critice \u00een dinamica echipei, \u00een rela\u021biile cu clien\u021bii, precum \u0219i \u00een procesele de lucru \u0219i cum s\u0103 le dep\u0103\u0219e\u0219ti.<\/li>\n<li>Vei \u00eenv\u0103\u021ba tehnici de facilitare \u0219i rezolvare a problemelor cu care se confrunt\u0103 un manager.<\/li>\n<li>Vei \u00eenv\u0103\u021ba tehnici de corectare a comportamentelor nedorite \u0219i de armonizare a echipei.<\/li>\n<li>Vei dob\u00e2ndi informa\u021biile necesare pentru a te pozi\u021biona at\u00e2t ca lider, c\u00e2t \u0219i ca membru al echipei.<\/li>\n<li>Vei \u00eenv\u0103\u021ba c\u00e2teva trucuri de Organizare \u0219i Time Management.<\/li>\n<li>Vei identifica stilul managerial care \u021bi se potrive\u0219te.<\/li>\n<li>Vei \u00een\u021belege utilitatea unui sistem de performan\u021b\u0103 \u0219i a importan\u021bei folosirii corecte a acestuia.<\/li>\n<\/ul>\n<hr \/>\n<p><strong>5. Cerin\u021be pentru \u00eenscriere:<\/strong><\/p>\n<p>Documentele personale, contractele, cererile de \u00eenscriere \u0219i facturile se vor completa \u0219i transmite prin email la <strong>office@elenoh.ro<\/strong>.<\/p>\n<p>Solicitarile de inscriere se pot face complet\u00e2nd formularul de \u00eenscriere la <span style=\"color: #ff6600;\"><a style=\"color: #ff6600;\" href=\"https:\/\/www.elenoh.ro\/index.php\/contact\/\">https:\/\/www.elenoh.ro\/index.php\/contact\/<\/a><strong>\u00a0<\/strong><\/span><\/p>\n<ul>\n<li>cererea de \u00eenscriere (se completeaz\u0103 \u00een momentul depunerii actelor)<\/li>\n<li>Cursul <span style=\"color: #000000;\"><a style=\"color: #000000;\" href=\"https:\/\/www.elenoh.ro\/index.php\/curs-first-time-manager\/\"><strong>\u201cFirst Time Manager\u201c<\/strong><\/a> <\/span>este deschis tuturor persoanelor interesate,<\/li>\n<li>Vei obtine certificat departicipare emis de Allure Education Academy<\/li>\n<\/ul>\n<hr \/>\n<p><strong>6. Facilitator: <\/strong><\/p>\n<p><strong><a href=\"https:\/\/www.elenoh.ro\/index.php\/curs-first-time-manager\/\"><img decoding=\"async\" class=\"wp-image-8381 alignleft lazyload\" data-src=\"http:\/\/www.elenoh.ro\/wp-content\/uploads\/2019\/09\/IMG_20190904_161056-300x254.jpg\" alt=\"\" width=\"150\" height=\"127\" data-srcset=\"https:\/\/www.elenoh.ro\/wp-content\/uploads\/2019\/09\/IMG_20190904_161056-300x254.jpg 300w, https:\/\/www.elenoh.ro\/wp-content\/uploads\/2019\/09\/IMG_20190904_161056-600x508.jpg 600w, https:\/\/www.elenoh.ro\/wp-content\/uploads\/2019\/09\/IMG_20190904_161056-200x169.jpg 200w, https:\/\/www.elenoh.ro\/wp-content\/uploads\/2019\/09\/IMG_20190904_161056-150x127.jpg 150w\" data-sizes=\"(max-width: 150px) 100vw, 150px\" src=\"data:image\/svg+xml;base64,PHN2ZyB3aWR0aD0iMSIgaGVpZ2h0PSIxIiB4bWxucz0iaHR0cDovL3d3dy53My5vcmcvMjAwMC9zdmciPjwvc3ZnPg==\" style=\"--smush-placeholder-width: 150px; --smush-placeholder-aspect-ratio: 150\/127;\" \/><\/a>Diana-Maria Georgescu<\/strong><\/p>\n<ul>\n<li><span style=\"color: #003300;\"><a style=\"color: #003300;\" href=\"https:\/\/www.elenoh.ro\/index.php\/coaching\/\">Specialist in Coaching<\/a>&amp;\u00a0<a style=\"color: #003300;\" href=\"https:\/\/www.elenoh.ro\/index.php\/curs-consilier-de-dezvoltare-personala\/\">Consilier pentru dezvoltare personala<\/a><\/span> autorizat de Ministerul Muncii, Ministerul Educatiei<\/li>\n<li><a href=\"https:\/\/www.elenoh.ro\/index.php\/trainer-training-formator\/\"><span style=\"color: #003300;\">Formator (Trainer)<\/span>\u00a0<\/a>autorizat de Ministerul Muncii, Ministerul Educatiei<\/li>\n<li>Cofondatorul\u00a0<span style=\"color: #000000;\"><a style=\"color: #000000;\" href=\"https:\/\/deltaguideconsulting.com\">Delta Guide \u2013 Reshaping Perspectives<\/a><\/span> \u0219i fondator al <span style=\"color: #000000;\"><a style=\"color: #000000;\" href=\"https:\/\/www.facebook.com\/womenesteeminternational\/?modal=admin_todo_tour\">Comunit\u0103\u021bii WomenEsteem International<\/a><\/span><\/li>\n<li>Senior Manager,\u00a0Business <span style=\"color: #003300;\"><a style=\"color: #003300;\" href=\"https:\/\/www.elenoh.ro\/index.php\/coaching\/\">Coach <\/a><\/span>\u0219i Business Mentor.<\/li>\n<\/ul>\n<hr \/>\n<p><strong>7. Datele la care se desf\u0103\u0219oar\u0103 cursul \u201cFirst Time Manager\u201d<\/strong><\/p>\n<ul>\n<li><strong>23 &#8211; 24 MAI 2026 orele 10.00 \u2013 16.00<\/strong><strong><a href=\"https:\/\/www.elenoh.ro\/index.php\/contact\/\"><img decoding=\"async\" class=\"alignright wp-image-8304 lazyload\" data-src=\"http:\/\/www.elenoh.ro\/wp-content\/uploads\/2015\/11\/buton-inscrieri-300x66.png\" alt=\"\" width=\"114\" height=\"25\" data-srcset=\"https:\/\/www.elenoh.ro\/wp-content\/uploads\/2015\/11\/buton-inscrieri-300x66.png 300w, https:\/\/www.elenoh.ro\/wp-content\/uploads\/2015\/11\/buton-inscrieri-600x131.png 600w, https:\/\/www.elenoh.ro\/wp-content\/uploads\/2015\/11\/buton-inscrieri-200x44.png 200w, https:\/\/www.elenoh.ro\/wp-content\/uploads\/2015\/11\/buton-inscrieri-150x33.png 150w, https:\/\/www.elenoh.ro\/wp-content\/uploads\/2015\/11\/buton-inscrieri.png 759w\" data-sizes=\"(max-width: 114px) 100vw, 114px\" src=\"data:image\/svg+xml;base64,PHN2ZyB3aWR0aD0iMSIgaGVpZ2h0PSIxIiB4bWxucz0iaHR0cDovL3d3dy53My5vcmcvMjAwMC9zdmciPjwvc3ZnPg==\" style=\"--smush-placeholder-width: 114px; --smush-placeholder-aspect-ratio: 114\/25;\" \/><\/a><\/strong><\/li>\n<li>Poti repeta cursul GRATUIT intr-o noua grupa de formare daca intentia este anuntata din timp<\/li>\n<\/ul>\n<hr \/>\n<p><strong>8. Investitie: <\/strong><\/p>\n<ul>\n<li><span style=\"color: #ff6600;\"><strong>1390 lei<\/strong><\/span> de la <del><strong>1890 lei<\/strong><\/del>(pentru plata integral\u0103 efectuat\u0103 cu minim o s\u0103pt\u0103m\u00e2n\u0103 \u00eenaintea \u00eenceperii cursului)<\/li>\n<li>in urma inscrierii se va emite o factura care va fi transmisa automat<\/li>\n<li>Modalitatile de plata: prin transfer bancar sau O.P.,taxa integrala sau avansul se pot achita si la sediu nostru, cu telefon inainte.<\/li>\n<li>(nu se aplica reducere\/voucher la cursurile cu pret promotional)<\/li>\n<\/ul>\n<hr \/>\n<p><strong>9. Unde se sustine cursul:<\/strong><\/p>\n<p><strong><span style=\"color: #ff6600;\">ONLINE-LIVE PE PLATFORMA ZOOM<\/span><\/strong><\/p>\n<hr \/>\n<p><strong>10. Inscriere:<\/strong><\/p>\n<ul>\n<li>tel<strong>. 0724.14.54.06<br \/>\n<\/strong><\/li>\n<li>program L-V\u00a0 10.00-17.00 (telefonic)<\/li>\n<li>email<a href=\"mailto:silvia@elenoh.ro\"><strong> office@elenoh.ro<\/strong><\/a><\/li>\n<\/ul>\n<ul>\n<li>pentru mai multe detalii privind cursul contactati-ne pe adresa site-ului: <span style=\"color: #008000;\"><a style=\"color: #008000;\" href=\"https:\/\/www.elenoh.ro\/index.php\/contact\/\"><span style=\"color: #000000;\"><strong><span style=\"color: #ff6600;\">www.elenoh.ro\/contact&amp;inscriere<\/span>.<\/strong><\/span><\/a><\/span><\/li>\n<\/ul>\n<p>*Pentru a deschide un curs, o grupa se constituie cu minimum 10 cursanti.<br \/>\nIn functie de completarea grupelor, ne rezervam dreptul de modificare a datei de incepere a cursurilor.<\/p>\n<p>*in cazul in care grupa nu se formeaza din motive obiective taxa de inscriere se va restitui complet.<\/p>\n<p>*cursul se poate organiza in orice oras in tara, cu mentiunea ca exista un numar minim de 10-12\u00a0 participanti.<\/p>\n","protected":false},"excerpt":{"rendered":"<p style=\"text-align: center;\"><a href=\"https:\/\/www.elenoh.ro\/index.php\/curs-first-time-manager\/\"><strong><img decoding=\"async\" class=\"wp-image-8029 alignleft lazyload\" data-src=\"http:\/\/www.elenoh.ro\/wp-content\/uploads\/2015\/11\/Dezvoltare-personala-prezentare.jpg\" alt=\"\" width=\"222\" height=\"102\" data-srcset=\"https:\/\/www.elenoh.ro\/wp-content\/uploads\/2015\/11\/Dezvoltare-personala-prezentare.jpg 265w, https:\/\/www.elenoh.ro\/wp-content\/uploads\/2015\/11\/Dezvoltare-personala-prezentare-200x92.jpg 200w, https:\/\/www.elenoh.ro\/wp-content\/uploads\/2015\/11\/Dezvoltare-personala-prezentare-150x69.jpg 150w\" data-sizes=\"(max-width: 222px) 100vw, 222px\" src=\"data:image\/svg+xml;base64,PHN2ZyB3aWR0aD0iMSIgaGVpZ2h0PSIxIiB4bWxucz0iaHR0cDovL3d3dy53My5vcmcvMjAwMC9zdmciPjwvc3ZnPg==\" style=\"--smush-placeholder-width: 222px; --smush-placeholder-aspect-ratio: 222\/102;\" \/><\/strong><\/a><a href=\"https:\/\/www.elenoh.ro\/index.php\/curs-first-time-manager\/\"><strong>Curs FIRST TIME MANAGER<\/strong><\/a><\/p>\n<p style=\"text-align: center;\"><a href=\"https:\/\/www.elenoh.ro\/index.php\/curs-first-time-manager\/\"><strong>ONLINE-LIVE<\/strong><\/a><\/p>\n<p style=\"text-align: center;\"><strong>23 &#8211; 24 MAI 2026<\/strong><\/p>\n<p style=\"text-align: center;\"><strong>\u00a0<\/strong><\/p>\n<p><strong>O multime de BENEFICII te astepta in 2026, REDUCERI care te vor ajuta sa te dezvolti in zona ta de interes si&#8230;.poti repeta cursurile GRATUIT de cate ori dore\u0219ti astfel \u00eencat s\u0103 ajungi un specialist \u00een domeniile studiate.<\/strong><\/p>\n<p><strong>1. <\/strong><strong>De ce s\u0103 urmezi cursul <a style=\"color: #000000;\" href=\"https:\/\/www.elenoh.ro\/index.php\/curs-first-time-manager\/\">\u201dFirst time manager\u201d<\/a>?<\/strong><\/p>\n<ul>\n<li>Ai fost promovat \u00eentr-un rol managerial, dar nu  \u2026 <a href=\"https:\/\/www.elenoh.ro\/index.php\/curs-first-time-manager\/\"> Continue reading <span class=\"meta-nav\">&rarr; <\/span><\/a><br \/>\n","protected":false},"author":2,"featured_media":0,"parent":0,"menu_order":0,"comment_status":"closed","ping_status":"closed","template":"","meta":{"footnotes":""},"class_list":["post-8377","page","type-page","status-publish","hentry"],"_links":{"self":[{"href":"https:\/\/www.elenoh.ro\/index.php\/wp-json\/wp\/v2\/pages\/8377","targetHints":{"allow":["GET"]}}],"collection":[{"href":"https:\/\/www.elenoh.ro\/index.php\/wp-json\/wp\/v2\/pages"}],"about":[{"href":"https:\/\/www.elenoh.ro\/index.php\/wp-json\/wp\/v2\/types\/page"}],"author":[{"embeddable":true,"href":"https:\/\/www.elenoh.ro\/index.php\/wp-json\/wp\/v2\/users\/2"}],"replies":[{"embeddable":true,"href":"https:\/\/www.elenoh.ro\/index.php\/wp-json\/wp\/v2\/comments?post=8377"}],"version-history":[{"count":100,"href":"https:\/\/www.elenoh.ro\/index.php\/wp-json\/wp\/v2\/pages\/8377\/revisions"}],"predecessor-version":[{"id":12934,"href":"https:\/\/www.elenoh.ro\/index.php\/wp-json\/wp\/v2\/pages\/8377\/revisions\/12934"}],"wp:attachment":[{"href":"https:\/\/www.elenoh.ro\/index.php\/wp-json\/wp\/v2\/media?parent=8377"}],"curies":[{"name":"wp","href":"https:\/\/api.w.org\/{rel}","templated":true}]}}