{"id":7746,"date":"2019-04-22T07:45:24","date_gmt":"2019-04-22T04:45:24","guid":{"rendered":"http:\/\/www.elenoh.ro\/?page_id=7746"},"modified":"2026-04-26T20:57:25","modified_gmt":"2026-04-26T17:57:25","slug":"nou-curs-autoprotectia-psiho-energeticatm","status":"publish","type":"page","link":"https:\/\/www.elenoh.ro\/index.php\/nou-curs-autoprotectia-psiho-energeticatm\/","title":{"rendered":"Curs Protectia Psiho-Energetica\u00a9TM"},"content":{"rendered":"<p style=\"text-align: center;\"><span style=\"font-size: 14pt;\"><strong><a href=\"https:\/\/www.elenoh.ro\/index.php\/nou-curs-autoprotectia-psiho-energeticatm\/\"><img decoding=\"async\" class=\"wp-image-3629 alignleft lazyload\" data-src=\"https:\/\/www.elenoh.ro\/wp-content\/uploads\/2015\/10\/consilier-dezvoltare-personala-2-300x270.jpg\" alt=\"\" width=\"229\" height=\"206\" data-srcset=\"https:\/\/www.elenoh.ro\/wp-content\/uploads\/2015\/10\/consilier-dezvoltare-personala-2-300x270.jpg 300w, https:\/\/www.elenoh.ro\/wp-content\/uploads\/2015\/10\/consilier-dezvoltare-personala-2-600x540.jpg 600w, https:\/\/www.elenoh.ro\/wp-content\/uploads\/2015\/10\/consilier-dezvoltare-personala-2-200x180.jpg 200w, https:\/\/www.elenoh.ro\/wp-content\/uploads\/2015\/10\/consilier-dezvoltare-personala-2-150x135.jpg 150w, https:\/\/www.elenoh.ro\/wp-content\/uploads\/2015\/10\/consilier-dezvoltare-personala-2.jpg 720w\" data-sizes=\"(max-width: 229px) 100vw, 229px\" src=\"data:image\/svg+xml;base64,PHN2ZyB3aWR0aD0iMSIgaGVpZ2h0PSIxIiB4bWxucz0iaHR0cDovL3d3dy53My5vcmcvMjAwMC9zdmciPjwvc3ZnPg==\" style=\"--smush-placeholder-width: 229px; --smush-placeholder-aspect-ratio: 229\/206;\" \/><\/a><\/strong><\/span><\/p>\n<p style=\"text-align: center;\"><span style=\"font-size: 14pt;\"><strong><span style=\"color: #000000;\"><a style=\"color: #000000;\" href=\"https:\/\/www.elenoh.ro\/index.php\/nou-curs-autoprotectia-psiho-energeticatm\/\">CURS PROTECTIA PSIHO-ENERGETICA\u00a9TM <\/a><\/span><\/strong><\/span><\/p>\n<p style=\"text-align: center;\"><strong>13 &#8211; 14 IUNIE 2026<\/strong><\/p>\n<hr \/>\n<p><strong><span style=\"color: #000000;\">1. <\/span>Ce este Protectia Psiho-Energetica (PPE)?<\/strong><\/p>\n<p>Protectia psihoenergetica este \u015ftiin\u0163a \u015fi arta prin care te protejezi pe tine \u00eensu<span style=\"color: #000000;\">\u0163i si pe ceilalti de atacurile psihice inten\u0163ionate sau neinten\u0163ionate. Tehnicile de protectie psihic\u0103 se pot \u00eenv\u0103\u0163a u\u015for \u015fi se pot aplica\u00a0 imediat.<\/span><\/p>\n<hr \/>\n<p style=\"text-align: left;\"><span style=\"color: #000000;\"><strong>2. Cui se adreseaza Cursul Protectia Psiho-Energetica(PPE)<\/strong><strong>:<\/strong><\/span><\/p>\n<ul>\n<li><strong>Persoanelor interesate de dezvoltarea personala\/spirituala<\/strong><br \/>Stiinta de a lucra cu energia iti va oferi chei puternice pentru a-ti perfectiona sanatatea, relatiile, prosperitatea, spiritualitatea si pentru a creea realitatea pe care ti-o doresti<\/li>\n<li><strong>Terapeutilor in terapiile alternative\/complementare si Viitorilor terapeuti<br \/><\/strong>Cursul reprezinta manualul stiintific de baza al vindecarii energetice.<br \/>El se adreseaza atat terapeutilor care vor sa se perfectioneze ca sa obtina rezultate mai bune si mai rapide in munca lor cat si celor care intentioneaza sa devina terapeuti.<\/li>\n<li><strong>Psihologilor\/Psihoterapeutilor\/Consilierilor pentru dezvoltare personala\/<\/strong><strong>trainerilor\/coach-lor<\/strong><strong><br \/><\/strong><\/li>\n<\/ul>\n<hr \/>\n<p><span style=\"color: #000000;\"><strong>3. STRUCTURA PROGRAMULUI:<\/strong><\/span><\/p>\n<ol>\n<li>Ce este Protectia Psiho-Energetica<\/li>\n<li>Tipuri si surse de atacuri psihice<\/li>\n<li>Chakrele principale in protectia psihica<\/li>\n<li>Inchiderea si fortificarea aurei<\/li>\n<li>Scuturile Aurei<\/li>\n<li>Protejarea altor oameni si a lucrurilor<\/li>\n<li>Tehnica diversiunii<\/li>\n<li>Cum sa te cureti dupa un atac energetic<\/li>\n<li>Tehnici de protectie spirituala<\/li>\n<\/ol>\n<hr \/>\n<p><span style=\"color: #000000;\"><strong>4.\u00a0<\/strong><\/span><strong>FACILITATOR: <\/strong><strong>Cerasella Pere<\/strong><\/p>\n<p><img decoding=\"async\" class=\"size-full wp-image-10780 alignleft lazyload\" data-src=\"https:\/\/www.elenoh.ro\/wp-content\/uploads\/2022\/03\/Cerasella-FB.jpg\" alt=\"\" width=\"200\" height=\"200\" data-srcset=\"https:\/\/www.elenoh.ro\/wp-content\/uploads\/2022\/03\/Cerasella-FB.jpg 200w, https:\/\/www.elenoh.ro\/wp-content\/uploads\/2022\/03\/Cerasella-FB-150x150.jpg 150w\" data-sizes=\"(max-width: 200px) 100vw, 200px\" src=\"data:image\/svg+xml;base64,PHN2ZyB3aWR0aD0iMSIgaGVpZ2h0PSIxIiB4bWxucz0iaHR0cDovL3d3dy53My5vcmcvMjAwMC9zdmciPjwvc3ZnPg==\" style=\"--smush-placeholder-width: 200px; --smush-placeholder-aspect-ratio: 200\/200;\" \/><\/p>\n<ul>\n<li>Psihoterapeut energetic, specializat prin cursuri si stagii de pregatire in India, Italia, Singapore, SUA, Elvetia, alaturi de experti in vindecarea pranica.<\/li>\n<li>Psiholog licentiat<\/li>\n<li>Astrolog intuitiv cu o practica constanta de studiu si de consiliere de peste 18 ani<\/li>\n<li>Studii si practica aprofundata in Aromaterapie, Medicina Ayurvedica, Qigong, Arhatic Yoga<\/li>\n<li>Terapeut in Pranic Facelift si Body Sculpting, acreditata de \u201cThe Image Enhancement Center at Davis Dermatology\u201d, member of the Florida Society of Facial Plastic and Reconstructive Surgery, USA<\/li>\n<li>Faciliteaza cursuri,ateliere si seminarii de dezvoltare personala\/spirituala de peste 15 ani.<\/li>\n<\/ul>\n<hr \/>\n<p><span style=\"color: #000000;\"><strong>5. DATELE DE SUSTINERE A CURSULUI:<br \/><\/strong><\/span><\/p>\n<p><strong><span style=\"color: #ff4800;\"><span style=\"color: #ff6600;\">ONLINE-LIVE ZOOM<a href=\"https:\/\/www.elenoh.ro\/index.php\/contact\/\"><img decoding=\"async\" class=\"alignright wp-image-8304 lazyload\" data-src=\"http:\/\/www.elenoh.ro\/wp-content\/uploads\/2015\/11\/buton-inscrieri-300x66.png\" alt=\"\" width=\"114\" height=\"25\" data-srcset=\"https:\/\/www.elenoh.ro\/wp-content\/uploads\/2015\/11\/buton-inscrieri-300x66.png 300w, https:\/\/www.elenoh.ro\/wp-content\/uploads\/2015\/11\/buton-inscrieri-600x131.png 600w, https:\/\/www.elenoh.ro\/wp-content\/uploads\/2015\/11\/buton-inscrieri-200x44.png 200w, https:\/\/www.elenoh.ro\/wp-content\/uploads\/2015\/11\/buton-inscrieri-150x33.png 150w, https:\/\/www.elenoh.ro\/wp-content\/uploads\/2015\/11\/buton-inscrieri.png 759w\" data-sizes=\"(max-width: 114px) 100vw, 114px\" src=\"data:image\/svg+xml;base64,PHN2ZyB3aWR0aD0iMSIgaGVpZ2h0PSIxIiB4bWxucz0iaHR0cDovL3d3dy53My5vcmcvMjAwMC9zdmciPjwvc3ZnPg==\" style=\"--smush-placeholder-width: 114px; --smush-placeholder-aspect-ratio: 114\/25;\" \/><\/a><\/span><\/span><\/strong><\/p>\n<ul>\n<li><span style=\"color: #000000;\"><strong>13 &#8211; 14 IUNIE 2026 orele 10.00-16.00<span style=\"color: #ff6600;\">(TEORIE ON-LINE LIVE ZOOM )<\/span><\/strong><\/span><\/li>\n<li><strong>PRACTICA INDIVIDUALA SUB SUPERVIZAREA TRAINERULUI(ONLINE<\/strong><\/li>\n<\/ul>\n<p><span style=\"color: #ff6600;\"><strong>GRUPA IN FORMARE!<\/strong><\/span><\/p>\n<hr \/>\n<p><span style=\"color: #000000;\"><strong>6. CERINTE PENTRU INSCRIERE:<\/strong><\/span><\/p>\n<ul>\n<li>cererea de inscriere se completeaza si transmite online<\/li>\n<\/ul>\n<p>Cursul este deschis tuturor persoanelor interesate cu vars8a peste 18 ani<\/p>\n<hr \/>\n<p><span style=\"color: #000000;\"><strong>7. INVESTITIE PROGRAM<\/strong> <strong>:<\/strong><\/span><\/p>\n<ul>\n<li><span style=\"color: #ff6600;\"><strong>290 euro<\/strong><span style=\"color: #000000;\"> de la <strong><del><span style=\"color: #ff6600;\">450 euro<\/span><\/del><\/strong>(daca se achita cu minim o saptamana inaintea inceperii cursului)<\/span><\/span><\/li>\n<li>se achita in lei la cursul zilei<\/li>\n<li>in urma inscrierii se va emite o factura care va fi transmisa automat<\/li>\n<li><strong>Modalitatile de plata<\/strong>: prin transfer bancar sau O.P.,taxa integrala sau avansul\u00a0 se pot achita si la sediu nostru, cu telefon inainte.<\/li>\n<li><strong>(nu se aplica reducere\/voucher la cursurile cu pret promotional)<\/strong><\/li>\n<\/ul>\n<p><strong>*preturile se calculeaza la cursul BNR din momentul facturarii<\/strong><\/p>\n<hr \/>\n<p><span style=\"color: #000000;\"><strong>8. REDUCERI SI BENEFICII:<\/strong><\/span><\/p>\n<ul>\n<li>Poti repeta cursul<span style=\"color: #000000;\"> cu<\/span><strong><span style=\"color: #ff6600;\"> 50 % REDUCERE<\/span><\/strong> intr-o noua grupa de formare<\/li>\n<li>In cazul in care vei inscrie la curs mai mult de 5 persoane, te rog sa ne contactezi pentru o <span style=\"color: #ff6600;\"><strong>oferta personalizata<\/strong>.<\/span><\/li>\n<li><span style=\"color: #ff6600;\"><strong>Posibilitatea de a face parte din echipa noastra!<\/strong><\/span><\/li>\n<li style=\"text-align: left;\">Iti oferim <span style=\"color: #ff6600;\"><strong>GARANTIA<\/strong><\/span>\u00a0 seriozitatii si a calitatii programelor sustinute de trainerii academiei, care au mii de ore de perfectionare cu mii de oameni care ne-au urmat programele de formare.<\/li>\n<li style=\"text-align: left;\">Iti oferim <span style=\"color: #ff6600;\"><strong>GARANTIA<\/strong><\/span> ca atunci cand intri intr-un program de dezvoltare personala noi iti suntem alaturi.<\/li>\n<\/ul>\n<hr \/>\n<p><span style=\"color: #000000;\"><strong>9. CE INCLUDE TAXA DE PARTICIPARE:<\/strong><\/span><\/p>\n<ul>\n<li>activitatea de predare a cursului(TEORIE ONLINE-ZOOM)<\/li>\n<li>suportul de curs in format DIGITAL<\/li>\n<li>consultanta pe intreaga perioada a cursului<\/li>\n<li>Certificat de participare emis de<strong> MT Evolution Academy<\/strong><\/li>\n<\/ul>\n<hr \/>\n<p><span style=\"color: #000000;\"><strong>10. UNDE SE SUSTINE CURSUL SI CUM NE CONTACTATI:<\/strong><\/span><\/p>\n<p><strong><span style=\"color: #ff6600;\">ONLINE PLATFORMA ZOOM<\/span><br \/><\/strong><\/p>\n<ul>\n<li>tel<strong>. 0724.14.54.06<br \/><\/strong><\/li>\n<li>program L-V\u00a0 10.00-17.00 (telefonic)<\/li>\n<li>email<a href=\"mailto:silvia@elenoh.ro\"><strong> office@elenoh.ro<\/strong><\/a><\/li>\n<\/ul>\n<p><strong>Inscriere:\u00a0<\/strong>Pentru mai multe detalii privind cursul contactati-ne pe adresa site-ului: <span style=\"color: #ff6600;\"><a style=\"color: #ff6600;\" href=\"https:\/\/www.elenoh.ro\/index.php\/contact\/\"><strong>www.elenoh.ro\/contact&amp;inscriere<\/strong><\/a><strong>.<\/strong><\/span><\/p>\n<ul>\n<li>Pentru a deschide un curs, o grupa se constituie cu minimum 6 cursanti.<\/li>\n<li>In functie de completarea grupelor, ne rezervam dreptul de modificare a datei de incepere a cursurilor.<\/li>\n<li>In cazul in care grupa nu se formeaza din motive obiective taxa de inscriere se va restitui complet.<\/li>\n<li>Cursul se poate organiza in orice oras in tara, cu mentiunea ca exista un numar minim de 10 participanti<\/li>\n<li>Cursul NU are standard ocupational si NU se elibereaza diplome acreditate ANC<\/li>\n<\/ul>\n\n","protected":false},"excerpt":{"rendered":"<p style=\"text-align: center;\"><strong><a href=\"https:\/\/www.elenoh.ro\/index.php\/nou-curs-autoprotectia-psiho-energeticatm\/\"><img decoding=\"async\" class=\"wp-image-3629 alignleft lazyload\" data-src=\"https:\/\/www.elenoh.ro\/wp-content\/uploads\/2015\/10\/consilier-dezvoltare-personala-2-300x270.jpg\" alt=\"\" width=\"229\" height=\"206\" data-srcset=\"https:\/\/www.elenoh.ro\/wp-content\/uploads\/2015\/10\/consilier-dezvoltare-personala-2-300x270.jpg 300w, https:\/\/www.elenoh.ro\/wp-content\/uploads\/2015\/10\/consilier-dezvoltare-personala-2-600x540.jpg 600w, https:\/\/www.elenoh.ro\/wp-content\/uploads\/2015\/10\/consilier-dezvoltare-personala-2-200x180.jpg 200w, https:\/\/www.elenoh.ro\/wp-content\/uploads\/2015\/10\/consilier-dezvoltare-personala-2-150x135.jpg 150w, https:\/\/www.elenoh.ro\/wp-content\/uploads\/2015\/10\/consilier-dezvoltare-personala-2.jpg 720w\" data-sizes=\"(max-width: 229px) 100vw, 229px\" src=\"data:image\/svg+xml;base64,PHN2ZyB3aWR0aD0iMSIgaGVpZ2h0PSIxIiB4bWxucz0iaHR0cDovL3d3dy53My5vcmcvMjAwMC9zdmciPjwvc3ZnPg==\" style=\"--smush-placeholder-width: 229px; --smush-placeholder-aspect-ratio: 229\/206;\" \/><\/a><\/strong><\/p>\n<p style=\"text-align: center;\"><strong><a style=\"color: #000000;\" href=\"https:\/\/www.elenoh.ro\/index.php\/nou-curs-autoprotectia-psiho-energeticatm\/\">CURS PROTECTIA PSIHO-ENERGETICA\u00a9TM <\/a><\/strong><\/p>\n<p style=\"text-align: center;\"><strong>13 &#8211; 14 IUNIE 2026<\/strong><\/p>\n<p><strong>1. Ce este Protectia Psiho-Energetica (PPE)?<\/strong><\/p>\n<p>Protectia psihoenergetica este \u015ftiin\u0163a \u015fi arta prin care te protejezi pe tine \u00eensu\u0163i si pe ceilalti de atacurile psihice inten\u0163ionate sau neinten\u0163ionate. Tehnicile de protectie psihic\u0103 se pot \u00eenv\u0103\u0163a u\u015for \u015fi se pot aplica\u00a0 imediat.<\/p>\n<p style=\"text-align: left;\"><strong>2. Cui se adreseaza Cursul Protectia Psiho-Energetica(PPE)<\/strong><strong>:<\/strong><\/p>\n<ul>\n<li><strong>Persoanelor interesate de dezvoltarea personala\/spirituala<\/strong><br \/>Stiinta de  \u2026 <a href=\"https:\/\/www.elenoh.ro\/index.php\/nou-curs-autoprotectia-psiho-energeticatm\/\"> Continue reading <span class=\"meta-nav\">&rarr; <\/span><\/a><br \/>\n","protected":false},"author":2,"featured_media":0,"parent":0,"menu_order":0,"comment_status":"closed","ping_status":"closed","template":"","meta":{"footnotes":""},"class_list":["post-7746","page","type-page","status-publish","hentry"],"_links":{"self":[{"href":"https:\/\/www.elenoh.ro\/index.php\/wp-json\/wp\/v2\/pages\/7746","targetHints":{"allow":["GET"]}}],"collection":[{"href":"https:\/\/www.elenoh.ro\/index.php\/wp-json\/wp\/v2\/pages"}],"about":[{"href":"https:\/\/www.elenoh.ro\/index.php\/wp-json\/wp\/v2\/types\/page"}],"author":[{"embeddable":true,"href":"https:\/\/www.elenoh.ro\/index.php\/wp-json\/wp\/v2\/users\/2"}],"replies":[{"embeddable":true,"href":"https:\/\/www.elenoh.ro\/index.php\/wp-json\/wp\/v2\/comments?post=7746"}],"version-history":[{"count":152,"href":"https:\/\/www.elenoh.ro\/index.php\/wp-json\/wp\/v2\/pages\/7746\/revisions"}],"predecessor-version":[{"id":12956,"href":"https:\/\/www.elenoh.ro\/index.php\/wp-json\/wp\/v2\/pages\/7746\/revisions\/12956"}],"wp:attachment":[{"href":"https:\/\/www.elenoh.ro\/index.php\/wp-json\/wp\/v2\/media?parent=7746"}],"curies":[{"name":"wp","href":"https:\/\/api.w.org\/{rel}","templated":true}]}}