{"id":3640,"date":"2015-10-19T19:10:56","date_gmt":"2015-10-19T16:10:56","guid":{"rendered":"http:\/\/www.elenoh.ro\/?page_id=3640"},"modified":"2021-02-24T08:25:19","modified_gmt":"2021-02-24T06:25:19","slug":"curs-de-anatomie-si-functionare-a-biologicului-uman","status":"publish","type":"page","link":"https:\/\/www.elenoh.ro\/index.php\/curs-de-anatomie-si-functionare-a-biologicului-uman\/","title":{"rendered":"Curs de Anatomie si Functionare a Biologicului Uman"},"content":{"rendered":"<p style=\"text-align: center;\"><strong><img decoding=\"async\" class=\"wp-image-3662 alignleft lazyload\" data-src=\"http:\/\/www.elenoh.ro\/wp-content\/uploads\/2015\/10\/60549215-300x234.jpg\" alt=\"\" width=\"197\" height=\"154\" data-srcset=\"https:\/\/www.elenoh.ro\/wp-content\/uploads\/2015\/10\/60549215-300x234.jpg 300w, https:\/\/www.elenoh.ro\/wp-content\/uploads\/2015\/10\/60549215-200x156.jpg 200w, https:\/\/www.elenoh.ro\/wp-content\/uploads\/2015\/10\/60549215-150x117.jpg 150w, https:\/\/www.elenoh.ro\/wp-content\/uploads\/2015\/10\/60549215.jpg 384w\" data-sizes=\"(max-width: 197px) 100vw, 197px\" src=\"data:image\/svg+xml;base64,PHN2ZyB3aWR0aD0iMSIgaGVpZ2h0PSIxIiB4bWxucz0iaHR0cDovL3d3dy53My5vcmcvMjAwMC9zdmciPjwvc3ZnPg==\" style=\"--smush-placeholder-width: 197px; --smush-placeholder-aspect-ratio: 197\/154;\" \/>CORPUL UMAN: HARTA SI BUSOLA CALATORIEI DE LA VINDECARE CATRE PERFECTIUNE<\/strong><\/p>\n<p style=\"text-align: center;\"><strong>O sansa\u00a0 de a face o schimbare importanta in viata ta!<\/strong><\/p>\n<p style=\"text-align: center;\"><strong>Inscrie-te acum la \u201cCurs de Anatomie si Functionare a Biologicului Uman\u201d un concept nou, care iti ofera o intelegere clara a functionarii corpului uman din punct de vedere anatomic, fiziologic,mental si emotional.<\/strong><\/p>\n<p><strong>De ce sa urmezi acest curs:<\/strong><\/p>\n<ul>\n<li>Pentru ca orice om trebuie sa cunoasca functionarea propriului corp<\/li>\n<li>Pentru a avea o noua perspectiva asupra corpului tau ca oglinda a sentimentelor si trairilor tale<\/li>\n<\/ul>\n<p><strong>Beneficii dupa absolvirea cursului:<\/strong><\/p>\n<ul>\n<li>vom putea intelege mai bine structura si functionarea corpului nostru in conditii normale, de echilibru, dar si in conditii de stres<\/li>\n<li>vom intelege mecanismul de aparitie al bolilor, insemnatatea acestora si cel mai important, nu vom mai fi speriati de bolile noastre.<\/li>\n<li>vom intelege insemnatatea bolilor si ne vor ajuta sa gasim conflictul initial care le-a cauzat, pasind astfel catre vindecare<\/li>\n<li>vom intelege dintr-o alta perspectiva functionarea corpului nostru fizic in corelatie cu corpurile emotional si mental<\/li>\n<li>vom sti cum putem influenta starea de sanatate a corpului fizic dintr-o vibratie mai inalta a starii de constienta<\/li>\n<\/ul>\n<p><strong>Ce inveti in cadrul cursului:<\/strong><\/p>\n<ul>\n<li>notiuni de baza despre anatomia si fiziologia corpului uman<\/li>\n<li>functionarea biologicului si semnifica\u0163ia biologic\u0103 a \u00eemboln\u0103virilor<\/li>\n<li>modul \u00een care se manifest\u0103 bolile precum \u015fi simptomele care pot ap\u0103rea<\/li>\n<li>fizica realitatii: supravietuire vs. creatie<\/li>\n<\/ul>\n<p style=\"text-align: left;\"><strong>Lector:<\/strong><\/p>\n<p style=\"text-align: left;\"><strong>Dr. Sorin Miu <\/strong><\/p>\n<p style=\"text-align: left;\"><img decoding=\"async\" class=\"wp-image-3709 alignleft lazyload\" data-src=\"http:\/\/www.elenoh.ro\/wp-content\/uploads\/2015\/10\/F5D_31862-237x300.jpg\" alt=\"F5D_3186\" width=\"131\" height=\"166\" src=\"data:image\/svg+xml;base64,PHN2ZyB3aWR0aD0iMSIgaGVpZ2h0PSIxIiB4bWxucz0iaHR0cDovL3d3dy53My5vcmcvMjAwMC9zdmciPjwvc3ZnPg==\" style=\"--smush-placeholder-width: 131px; --smush-placeholder-aspect-ratio: 131\/166;\" \/><\/p>\n<p style=\"text-align: left;\">Absolvent al Facultatii de Medicina, Universitatea Ovidius din Constanta<\/p>\n<p><strong>Investitie:<a href=\"https:\/\/www.elenoh.ro\/index.php\/contact\/\"><img decoding=\"async\" class=\"alignright wp-image-8304 lazyload\" data-src=\"http:\/\/www.elenoh.ro\/wp-content\/uploads\/2015\/11\/buton-inscrieri-300x66.png\" alt=\"\" width=\"114\" height=\"25\" data-srcset=\"https:\/\/www.elenoh.ro\/wp-content\/uploads\/2015\/11\/buton-inscrieri-300x66.png 300w, https:\/\/www.elenoh.ro\/wp-content\/uploads\/2015\/11\/buton-inscrieri-600x131.png 600w, https:\/\/www.elenoh.ro\/wp-content\/uploads\/2015\/11\/buton-inscrieri-200x44.png 200w, https:\/\/www.elenoh.ro\/wp-content\/uploads\/2015\/11\/buton-inscrieri-150x33.png 150w, https:\/\/www.elenoh.ro\/wp-content\/uploads\/2015\/11\/buton-inscrieri.png 759w\" data-sizes=\"(max-width: 114px) 100vw, 114px\" src=\"data:image\/svg+xml;base64,PHN2ZyB3aWR0aD0iMSIgaGVpZ2h0PSIxIiB4bWxucz0iaHR0cDovL3d3dy53My5vcmcvMjAwMC9zdmciPjwvc3ZnPg==\" style=\"--smush-placeholder-width: 114px; --smush-placeholder-aspect-ratio: 114\/25;\" \/><\/a><\/strong><\/p>\n<ul>\n<li>in urma inscrierii se va emite o factura care v-a fi transmisa automat<\/li>\n<li><strong>Modalitatile de plata<\/strong>: prin transfer bancar sau O.P.,taxa integrala sau avansul\u00a0 se pot achita si la sediu nostru, cu telefon inainte.<\/li>\n<\/ul>\n<p><strong>Reduceri si beneficii:<\/strong><\/p>\n<ul>\n<li>Dupa absolvirea cursului iti oferim posibilitatea de a participa <span style=\"color: #ff4000;\">GRATUIT<\/span> la 2 ateliere de dezvoltare personala din fiecare joi.<\/li>\n<li>Poti repeta cursul<span style=\"color: #ff4000;\"> GRATUIT<\/span> intr-o noua grupa de formare daca intentia este anuntata din timp.<\/li>\n<li>Vei obtine <span style=\"color: #ff4000;\">10% reducere<\/span> la orice alt curs organizat in cadrul centrului nostru<\/li>\n<\/ul>\n<p><strong>Ce include taxa de participare:<\/strong><\/p>\n<ul>\n<li>activitatea de predare curs<\/li>\n<li>suportul de curs<\/li>\n<li>coffee break<\/li>\n<li>diploma de participare emisa de centrul nostru<\/li>\n<\/ul>\n<p><strong>Unde se sustine cursul si cum\u00a0 ne contactati:<\/strong><\/p>\n<p><strong>BUCURESTI<\/strong><\/p>\n<ul>\n<li><strong>Calea PLEVNEI, nr.172, sector 6, <\/strong>(vizavi de Magistratura), <strong>Bucuresti<\/strong><\/li>\n<\/ul>\n<p><strong>\u00a0Inscriere:<\/strong><\/p>\n<ul>\n<li>pentru mai multe detalii privind cursul contactati-ne pe adresa site-ului: <a href=\"https:\/\/www.elenoh.ro\/index.php\/contact\/\">www.elenoh.ro\/contact&amp;inscriere<\/a>.<\/li>\n<\/ul>\n<p>*Pentru a deschide un curs, o grupa se constituie cu minimum 10 cursanti.<br \/>\nIn functie de completarea grupelor, ne rezervam dreptul de modificare a datei de incepere a cursurilor.<\/p>\n<p>*In cazul in care grupa nu se formeaza din motive obiective taxa de inscriere se va restitui complet.<\/p>\n<p>*cursul se poate organiza in orice oras in tara, cu mentiunea ca exista un numar minim de 20\u00a0 participanti,deplasarea formatorului, cazare si transport, cat si asigurarea salii de curs.<\/p>\n<p>*cursul nostru este conceput de catre specialistii nostrii si este marca inregistrata<\/p>\n","protected":false},"excerpt":{"rendered":"<p style=\"text-align: center;\"><strong><img decoding=\"async\" class=\"wp-image-3662 alignleft lazyload\" data-src=\"http:\/\/www.elenoh.ro\/wp-content\/uploads\/2015\/10\/60549215-300x234.jpg\" alt=\"\" width=\"197\" height=\"154\" data-srcset=\"https:\/\/www.elenoh.ro\/wp-content\/uploads\/2015\/10\/60549215-300x234.jpg 300w, https:\/\/www.elenoh.ro\/wp-content\/uploads\/2015\/10\/60549215-200x156.jpg 200w, https:\/\/www.elenoh.ro\/wp-content\/uploads\/2015\/10\/60549215-150x117.jpg 150w, https:\/\/www.elenoh.ro\/wp-content\/uploads\/2015\/10\/60549215.jpg 384w\" data-sizes=\"(max-width: 197px) 100vw, 197px\" src=\"data:image\/svg+xml;base64,PHN2ZyB3aWR0aD0iMSIgaGVpZ2h0PSIxIiB4bWxucz0iaHR0cDovL3d3dy53My5vcmcvMjAwMC9zdmciPjwvc3ZnPg==\" style=\"--smush-placeholder-width: 197px; --smush-placeholder-aspect-ratio: 197\/154;\" \/>CORPUL UMAN: HARTA SI BUSOLA CALATORIEI DE LA VINDECARE CATRE PERFECTIUNE<\/strong><\/p>\n<p style=\"text-align: center;\"><strong>O sansa\u00a0 de a face o schimbare importanta in viata ta!<\/strong><\/p>\n<p style=\"text-align: center;\"><strong>Inscrie-te acum la \u201cCurs de Anatomie si Functionare a Biologicului Uman\u201d un concept nou, care iti ofera o intelegere clara a functionarii corpului uman din punct de vedere anatomic, fiziologic,mental si emotional.<\/strong><\/p>\n<p><strong>De ce sa urmezi acest curs:<\/strong><\/p>\n<ul>\n<li>Pentru ca orice om trebuie sa cunoasca functionarea propriului corp<\/li>\n<li>Pentru a  \u2026 <a href=\"https:\/\/www.elenoh.ro\/index.php\/curs-de-anatomie-si-functionare-a-biologicului-uman\/\"> Continue reading <span class=\"meta-nav\">&rarr; <\/span><\/a><br \/>\n","protected":false},"author":2,"featured_media":0,"parent":0,"menu_order":0,"comment_status":"closed","ping_status":"open","template":"","meta":{"footnotes":""},"class_list":["post-3640","page","type-page","status-publish","hentry"],"_links":{"self":[{"href":"https:\/\/www.elenoh.ro\/index.php\/wp-json\/wp\/v2\/pages\/3640","targetHints":{"allow":["GET"]}}],"collection":[{"href":"https:\/\/www.elenoh.ro\/index.php\/wp-json\/wp\/v2\/pages"}],"about":[{"href":"https:\/\/www.elenoh.ro\/index.php\/wp-json\/wp\/v2\/types\/page"}],"author":[{"embeddable":true,"href":"https:\/\/www.elenoh.ro\/index.php\/wp-json\/wp\/v2\/users\/2"}],"replies":[{"embeddable":true,"href":"https:\/\/www.elenoh.ro\/index.php\/wp-json\/wp\/v2\/comments?post=3640"}],"version-history":[{"count":32,"href":"https:\/\/www.elenoh.ro\/index.php\/wp-json\/wp\/v2\/pages\/3640\/revisions"}],"predecessor-version":[{"id":9908,"href":"https:\/\/www.elenoh.ro\/index.php\/wp-json\/wp\/v2\/pages\/3640\/revisions\/9908"}],"wp:attachment":[{"href":"https:\/\/www.elenoh.ro\/index.php\/wp-json\/wp\/v2\/media?parent=3640"}],"curies":[{"name":"wp","href":"https:\/\/api.w.org\/{rel}","templated":true}]}}